{"id":3900,"date":"2012-01-03T15:12:54","date_gmt":"2012-01-03T15:12:54","guid":{"rendered":"http:\/\/localhost\/modernize\/?page_id=4"},"modified":"2024-05-01T22:53:12","modified_gmt":"2024-05-01T22:53:12","slug":"alltagspoesie","status":"publish","type":"page","link":"http:\/\/annielux.de\/","title":{"rendered":"main"},"content":{"rendered":"\n<p class=\"has-text-align-center\">Der Zwischenraum<br>Das Zwischenreich<br>Ist voll mit tausend Dingen<br>Gar viele k\u00f6nnen singen<br>Jedes Ding ist sein Herr<br>Und nichts anderes mehr<br>Es ist was es ist<br>Ein alter Bovist<br>Oder ein Haufen aus Mist<br>Am Fu\u00dfe der Reben<br><br>(Auszug aus <em>Im<\/em> <em>Zwischenreich<\/em>)<\/p>\n\n\n\n<div class=\"wp-block-group\"><div class=\"wp-block-group__inner-container is-layout-flow wp-block-group-is-layout-flow\">\n<div class=\"wp-block-group\"><div class=\"wp-block-group__inner-container is-layout-flow wp-block-group-is-layout-flow\">\n<p><div class=\"clear\"><\/div><div class=\"gdl-divider gdl-border-x top\"><div class=\"scroll-top\"><\/div><\/div><\/p>\n<p>Der Alltag und das was ihn <strong><em>nicht<\/em><\/strong> ausmacht &#8211; Tagtr\u00e4umereien &#8211; sind das Futter f\u00fcr meine Ideen. Daraus entwickle ich Kurzgeschichten, Gedichte, Liedtexte. Diese Internetseite ist meinem literarischen Tun gewidmet.<\/p>\n<p><div class=\"clear\"><\/div><div class=\"gdl-divider gdl-border-x top\"><div class=\"scroll-top\"><\/div><\/div><\/p>\n<\/div><\/div>\n<\/div><\/div>\n\n\n\n<div class=\"wp-block-group has-background\" style=\"background:linear-gradient(224deg,rgb(250,248,245) 0%,rgb(242,216,167) 90%)\"><div class=\"wp-block-group__inner-container is-layout-constrained wp-block-group-is-layout-constrained\">\n<div class=\"wp-block-columns is-layout-flex wp-container-core-columns-is-layout-1 wp-block-columns-is-layout-flex\">\n<div class=\"wp-block-column is-vertically-aligned-center is-layout-flow wp-block-column-is-layout-flow\" style=\"flex-basis:2%\"><\/div>\n\n\n\n<div class=\"wp-block-column is-layout-flow wp-block-column-is-layout-flow\" style=\"flex-basis:95%\">\n<p><\/p>\n\n\n\n<p class=\"has-text-color has-link-color wp-elements-edeafcd6615d341191e46e450bb69d3c\" style=\"color:#b17f21;font-size:25px\">Annie Lux live<\/p>\n\n\n\n<p style=\"font-size:15px\">Annie Lux liest ihre Geschichten und Gedichte \u00f6ffentlich. Falls Sie an einer Lesung interessiert sind, setzen Sie sich mit uns via info[at]annielux.de in Verbindung. Sicher finden wir eine L\u00f6sung, Ihnen ein sch\u00f6nes und unterhaltsames Leseerlebnis zu bereiten.<\/p>\n\n\n\n<p style=\"font-size:15px\">Als zertifizierte Theaterp\u00e4dagogin bietet Annie au\u00dferdem Theaterkurse, Workshops und theatrale Supervision an. Mehr dazu finden Sie auf\u00a0<a href=\"https:\/\/www.transform-theater.de\/\" target=\"_blank\" rel=\"noreferrer noopener\">www.transform-theater.de<\/a>.<\/p>\n\n\n\n<p><\/p>\n<\/div>\n<\/div>\n\n\n\n<p style=\"font-size:0px\"><\/p>\n<\/div><\/div>\n","protected":false},"excerpt":{"rendered":"<p>Der ZwischenraumDas ZwischenreichIst voll mit tausend DingenGar viele k\u00f6nnen singenJedes Ding ist sein HerrUnd nichts anderes mehrEs ist was es istEin alter BovistOder ein Haufen aus MistAm Fu\u00dfe der Reben (Auszug aus Im Zwischenreich) Der Alltag und das was ihn nicht ausmacht &#8211; Tagtr\u00e4umereien &#8211; sind das Futter f\u00fcr meine Ideen. Daraus entwickle ich Kurzgeschichten, Gedichte, Liedtexte. Diese Internetseite ist meinem literarischen Tun gewidmet. Annie Lux live Annie Lux liest ihre Geschichten und Gedichte \u00f6ffentlich. Falls Sie an einer Lesung interessiert sind, setzen Sie sich mit uns via info[at]annielux.de in Verbindung. Sicher finden wir eine L\u00f6sung, Ihnen ein sch\u00f6nes und unterhaltsames Leseerlebnis zu bereiten. Als zertifizierte Theaterp\u00e4dagogin bietet Annie au\u00dferdem Theaterkurse, Workshops und theatrale Supervision an. Mehr dazu finden Sie auf\u00a0www.transform-theater.de.<\/p>\n","protected":false},"author":1,"featured_media":0,"parent":0,"menu_order":0,"comment_status":"closed","ping_status":"closed","template":"","meta":{"footnotes":""},"yoast_head":"<!-- This site is optimized with the Yoast SEO plugin v22.5 - https:\/\/yoast.com\/wordpress\/plugins\/seo\/ -->\n<title>main - Annie Lux<\/title>\n<meta name=\"description\" content=\"Autorin des Erz\u00e4hlbands &quot;Leuchtende Kioske&quot; - komische Erz\u00e4hlungen aus London und anderswo. Freche Texte, Musik, H\u00f6rspiele, Alltagspoesie.\" \/>\n<meta name=\"robots\" content=\"index, follow, max-snippet:-1, max-image-preview:large, max-video-preview:-1\" \/>\n<link rel=\"canonical\" href=\"http:\/\/annielux.de\/\" \/>\n<meta property=\"og:locale\" content=\"de_DE\" \/>\n<meta property=\"og:type\" content=\"article\" \/>\n<meta property=\"og:title\" content=\"main - Annie Lux\" \/>\n<meta property=\"og:description\" content=\"Autorin des Erz\u00e4hlbands &quot;Leuchtende Kioske&quot; - komische Erz\u00e4hlungen aus London und anderswo. Freche Texte, Musik, H\u00f6rspiele, Alltagspoesie.\" \/>\n<meta property=\"og:url\" content=\"http:\/\/annielux.de\/\" \/>\n<meta property=\"og:site_name\" content=\"Annie Lux\" \/>\n<meta property=\"article:modified_time\" content=\"2024-05-01T22:53:12+00:00\" \/>\n<meta name=\"twitter:card\" content=\"summary_large_image\" \/>\n<meta name=\"twitter:label1\" content=\"Gesch\u00e4tzte Lesezeit\" \/>\n\t<meta name=\"twitter:data1\" content=\"1\u00a0Minute\" \/>\n<script type=\"application\/ld+json\" class=\"yoast-schema-graph\">{\"@context\":\"https:\/\/schema.org\",\"@graph\":[{\"@type\":\"WebPage\",\"@id\":\"http:\/\/annielux.de\/\",\"url\":\"http:\/\/annielux.de\/\",\"name\":\"main - Annie Lux\",\"isPartOf\":{\"@id\":\"http:\/\/annielux.de\/#website\"},\"datePublished\":\"2012-01-03T15:12:54+00:00\",\"dateModified\":\"2024-05-01T22:53:12+00:00\",\"description\":\"Autorin des Erz\u00e4hlbands \\\"Leuchtende Kioske\\\" - komische Erz\u00e4hlungen aus London und anderswo. Freche Texte, Musik, H\u00f6rspiele, Alltagspoesie.\",\"breadcrumb\":{\"@id\":\"http:\/\/annielux.de\/#breadcrumb\"},\"inLanguage\":\"de\",\"potentialAction\":[{\"@type\":\"ReadAction\",\"target\":[\"http:\/\/annielux.de\/\"]}]},{\"@type\":\"BreadcrumbList\",\"@id\":\"http:\/\/annielux.de\/#breadcrumb\",\"itemListElement\":[{\"@type\":\"ListItem\",\"position\":1,\"name\":\"Startseite\",\"item\":\"http:\/\/annielux.de\/\"},{\"@type\":\"ListItem\",\"position\":2,\"name\":\"main\"}]},{\"@type\":\"WebSite\",\"@id\":\"http:\/\/annielux.de\/#website\",\"url\":\"http:\/\/annielux.de\/\",\"name\":\"Annie Lux\",\"description\":\"K\u00fcnstlerin\",\"potentialAction\":[{\"@type\":\"SearchAction\",\"target\":{\"@type\":\"EntryPoint\",\"urlTemplate\":\"http:\/\/annielux.de\/?s={search_term_string}\"},\"query-input\":\"required name=search_term_string\"}],\"inLanguage\":\"de\"}]}<\/script>\n<!-- \/ Yoast SEO plugin. -->","yoast_head_json":{"title":"main - Annie Lux","description":"Autorin des Erz\u00e4hlbands \"Leuchtende Kioske\" - komische Erz\u00e4hlungen aus London und anderswo. Freche Texte, Musik, H\u00f6rspiele, Alltagspoesie.","robots":{"index":"index","follow":"follow","max-snippet":"max-snippet:-1","max-image-preview":"max-image-preview:large","max-video-preview":"max-video-preview:-1"},"canonical":"http:\/\/annielux.de\/","og_locale":"de_DE","og_type":"article","og_title":"main - Annie Lux","og_description":"Autorin des Erz\u00e4hlbands \"Leuchtende Kioske\" - komische Erz\u00e4hlungen aus London und anderswo. Freche Texte, Musik, H\u00f6rspiele, Alltagspoesie.","og_url":"http:\/\/annielux.de\/","og_site_name":"Annie Lux","article_modified_time":"2024-05-01T22:53:12+00:00","twitter_card":"summary_large_image","twitter_misc":{"Gesch\u00e4tzte Lesezeit":"1\u00a0Minute"},"schema":{"@context":"https:\/\/schema.org","@graph":[{"@type":"WebPage","@id":"http:\/\/annielux.de\/","url":"http:\/\/annielux.de\/","name":"main - Annie Lux","isPartOf":{"@id":"http:\/\/annielux.de\/#website"},"datePublished":"2012-01-03T15:12:54+00:00","dateModified":"2024-05-01T22:53:12+00:00","description":"Autorin des Erz\u00e4hlbands \"Leuchtende Kioske\" - komische Erz\u00e4hlungen aus London und anderswo. Freche Texte, Musik, H\u00f6rspiele, Alltagspoesie.","breadcrumb":{"@id":"http:\/\/annielux.de\/#breadcrumb"},"inLanguage":"de","potentialAction":[{"@type":"ReadAction","target":["http:\/\/annielux.de\/"]}]},{"@type":"BreadcrumbList","@id":"http:\/\/annielux.de\/#breadcrumb","itemListElement":[{"@type":"ListItem","position":1,"name":"Startseite","item":"http:\/\/annielux.de\/"},{"@type":"ListItem","position":2,"name":"main"}]},{"@type":"WebSite","@id":"http:\/\/annielux.de\/#website","url":"http:\/\/annielux.de\/","name":"Annie Lux","description":"K\u00fcnstlerin","potentialAction":[{"@type":"SearchAction","target":{"@type":"EntryPoint","urlTemplate":"http:\/\/annielux.de\/?s={search_term_string}"},"query-input":"required name=search_term_string"}],"inLanguage":"de"}]}},"_links":{"self":[{"href":"http:\/\/annielux.de\/index.php?rest_route=\/wp\/v2\/pages\/3900"}],"collection":[{"href":"http:\/\/annielux.de\/index.php?rest_route=\/wp\/v2\/pages"}],"about":[{"href":"http:\/\/annielux.de\/index.php?rest_route=\/wp\/v2\/types\/page"}],"author":[{"embeddable":true,"href":"http:\/\/annielux.de\/index.php?rest_route=\/wp\/v2\/users\/1"}],"replies":[{"embeddable":true,"href":"http:\/\/annielux.de\/index.php?rest_route=%2Fwp%2Fv2%2Fcomments&post=3900"}],"version-history":[{"count":48,"href":"http:\/\/annielux.de\/index.php?rest_route=\/wp\/v2\/pages\/3900\/revisions"}],"predecessor-version":[{"id":4876,"href":"http:\/\/annielux.de\/index.php?rest_route=\/wp\/v2\/pages\/3900\/revisions\/4876"}],"wp:attachment":[{"href":"http:\/\/annielux.de\/index.php?rest_route=%2Fwp%2Fv2%2Fmedia&parent=3900"}],"curies":[{"name":"wp","href":"https:\/\/api.w.org\/{rel}","templated":true}]}}