{"id":3974,"date":"2015-05-07T10:12:58","date_gmt":"2015-05-07T10:12:58","guid":{"rendered":"http:\/\/annielux.de\/?page_id=3974"},"modified":"2024-04-28T14:55:35","modified_gmt":"2024-04-28T14:55:35","slug":"neues","status":"publish","type":"page","link":"http:\/\/annielux.de\/?page_id=3974","title":{"rendered":"Neues"},"content":{"rendered":"<p><iframe loading=\"lazy\" title=\"Schnecken, Mystiker und sonstige G\u00e4ste\" width=\"960\" height=\"540\" src=\"https:\/\/www.youtube.com\/embed\/7LqO-totugQ?feature=oembed\" frameborder=\"0\" allow=\"accelerometer; autoplay; clipboard-write; encrypted-media; gyroscope; picture-in-picture; web-share\" referrerpolicy=\"strict-origin-when-cross-origin\" allowfullscreen><\/iframe><\/p>\n<div dir=\"auto\">\n<div dir=\"auto\">In der Veranstaltungsreihe <strong><em>Kulturschaufenster<\/em><\/strong> liest Annie Lux am 28. August 2021 aus ihrem Erz\u00e4hlband <i><a href=\"https:\/\/www.salomo-publishing.de\/annie-lux-leuchtende-kioske\/\">Leuchtende Kioske<\/a><\/i>. Die Geb\u00e4rdensprachendolmetscherin, die mit ihren H\u00e4nden eine ganz eigene Kunstform erschaffte, ist leider nicht im Video zu sehen.\u00a0\u00a0<\/div>\n<div dir=\"auto\"><span style=\"font-family: Menlo, Consolas, monaco, monospace; font-size: 15px; white-space: pre-wrap;\">________________________________________________<\/span><\/div>\n<\/div>\n<p>In <em>Leuchtende Kioske<\/em> versammeln sich Geschichten, die vor allem in London angesiedelt sind. Sie erz\u00e4hlen von H\u00f6hen, Tiefen, Nebens\u00e4chlichkeiten, wilden Ideen, merkw\u00fcrdigen Begegnungen, von Posamenten, Bettwanzen, Pok\u00e9mon-Kost\u00fcmen und vielem mehr.<\/p>\n<p>Im Buchhandel erh\u00e4ltlich, in Dresden z.B. in der <a href=\"https:\/\/www.pusteblume-buchhandlung.de\/\">Buchhandlung Pusteblume<\/a>.<\/p>\n\n\n<p><\/p>\n","protected":false},"excerpt":{"rendered":"<p>In der Veranstaltungsreihe Kulturschaufenster liest Annie Lux am 28. August 2021 aus ihrem Erz\u00e4hlband Leuchtende Kioske. Die Geb\u00e4rdensprachendolmetscherin, die mit ihren H\u00e4nden eine ganz eigene Kunstform erschaffte, ist leider nicht im Video zu sehen.\u00a0\u00a0 ________________________________________________ In Leuchtende Kioske versammeln sich Geschichten, die vor allem in London angesiedelt sind. Sie erz\u00e4hlen von H\u00f6hen, Tiefen, Nebens\u00e4chlichkeiten, wilden Ideen, merkw\u00fcrdigen Begegnungen, von Posamenten, Bettwanzen, Pok\u00e9mon-Kost\u00fcmen und vielem mehr. Im Buchhandel erh\u00e4ltlich, in Dresden z.B. in der Buchhandlung Pusteblume.<\/p>\n","protected":false},"author":1,"featured_media":0,"parent":0,"menu_order":0,"comment_status":"open","ping_status":"open","template":"","meta":{"footnotes":""},"yoast_head":"<!-- This site is optimized with the Yoast SEO plugin v22.5 - https:\/\/yoast.com\/wordpress\/plugins\/seo\/ -->\n<title>Neues - Annie Lux<\/title>\n<meta name=\"robots\" content=\"index, follow, max-snippet:-1, max-image-preview:large, max-video-preview:-1\" \/>\n<link rel=\"canonical\" href=\"http:\/\/annielux.de\/?page_id=3974\" \/>\n<meta property=\"og:locale\" content=\"de_DE\" \/>\n<meta property=\"og:type\" content=\"article\" \/>\n<meta property=\"og:title\" content=\"Neues - Annie Lux\" \/>\n<meta property=\"og:description\" content=\"In der Veranstaltungsreihe Kulturschaufenster liest Annie Lux am 28. August 2021 aus ihrem Erz\u00e4hlband Leuchtende Kioske. Die Geb\u00e4rdensprachendolmetscherin, die mit ihren H\u00e4nden eine ganz eigene Kunstform erschaffte, ist leider nicht im Video zu sehen.\u00a0\u00a0 ________________________________________________ In Leuchtende Kioske versammeln sich Geschichten, die vor allem in London angesiedelt sind. Sie erz\u00e4hlen von H\u00f6hen, Tiefen, Nebens\u00e4chlichkeiten, wilden Ideen, merkw\u00fcrdigen Begegnungen, von Posamenten, Bettwanzen, Pok\u00e9mon-Kost\u00fcmen und vielem mehr. Im Buchhandel erh\u00e4ltlich, in Dresden z.B. in der Buchhandlung Pusteblume.\" \/>\n<meta property=\"og:url\" content=\"http:\/\/annielux.de\/?page_id=3974\" \/>\n<meta property=\"og:site_name\" content=\"Annie Lux\" \/>\n<meta property=\"article:modified_time\" content=\"2024-04-28T14:55:35+00:00\" \/>\n<meta name=\"twitter:card\" content=\"summary_large_image\" \/>\n<meta name=\"twitter:label1\" content=\"Gesch\u00e4tzte Lesezeit\" \/>\n\t<meta name=\"twitter:data1\" content=\"1\u00a0Minute\" \/>\n<script type=\"application\/ld+json\" class=\"yoast-schema-graph\">{\"@context\":\"https:\/\/schema.org\",\"@graph\":[{\"@type\":\"WebPage\",\"@id\":\"http:\/\/annielux.de\/?page_id=3974\",\"url\":\"http:\/\/annielux.de\/?page_id=3974\",\"name\":\"Neues - Annie Lux\",\"isPartOf\":{\"@id\":\"http:\/\/annielux.de\/#website\"},\"datePublished\":\"2015-05-07T10:12:58+00:00\",\"dateModified\":\"2024-04-28T14:55:35+00:00\",\"breadcrumb\":{\"@id\":\"http:\/\/annielux.de\/?page_id=3974#breadcrumb\"},\"inLanguage\":\"de\",\"potentialAction\":[{\"@type\":\"ReadAction\",\"target\":[\"http:\/\/annielux.de\/?page_id=3974\"]}]},{\"@type\":\"BreadcrumbList\",\"@id\":\"http:\/\/annielux.de\/?page_id=3974#breadcrumb\",\"itemListElement\":[{\"@type\":\"ListItem\",\"position\":1,\"name\":\"Startseite\",\"item\":\"http:\/\/annielux.de\/\"},{\"@type\":\"ListItem\",\"position\":2,\"name\":\"Neues\"}]},{\"@type\":\"WebSite\",\"@id\":\"http:\/\/annielux.de\/#website\",\"url\":\"http:\/\/annielux.de\/\",\"name\":\"Annie Lux\",\"description\":\"K\u00fcnstlerin\",\"potentialAction\":[{\"@type\":\"SearchAction\",\"target\":{\"@type\":\"EntryPoint\",\"urlTemplate\":\"http:\/\/annielux.de\/?s={search_term_string}\"},\"query-input\":\"required name=search_term_string\"}],\"inLanguage\":\"de\"}]}<\/script>\n<!-- \/ Yoast SEO plugin. -->","yoast_head_json":{"title":"Neues - Annie Lux","robots":{"index":"index","follow":"follow","max-snippet":"max-snippet:-1","max-image-preview":"max-image-preview:large","max-video-preview":"max-video-preview:-1"},"canonical":"http:\/\/annielux.de\/?page_id=3974","og_locale":"de_DE","og_type":"article","og_title":"Neues - Annie Lux","og_description":"In der Veranstaltungsreihe Kulturschaufenster liest Annie Lux am 28. August 2021 aus ihrem Erz\u00e4hlband Leuchtende Kioske. Die Geb\u00e4rdensprachendolmetscherin, die mit ihren H\u00e4nden eine ganz eigene Kunstform erschaffte, ist leider nicht im Video zu sehen.\u00a0\u00a0 ________________________________________________ In Leuchtende Kioske versammeln sich Geschichten, die vor allem in London angesiedelt sind. Sie erz\u00e4hlen von H\u00f6hen, Tiefen, Nebens\u00e4chlichkeiten, wilden Ideen, merkw\u00fcrdigen Begegnungen, von Posamenten, Bettwanzen, Pok\u00e9mon-Kost\u00fcmen und vielem mehr. Im Buchhandel erh\u00e4ltlich, in Dresden z.B. in der Buchhandlung Pusteblume.","og_url":"http:\/\/annielux.de\/?page_id=3974","og_site_name":"Annie Lux","article_modified_time":"2024-04-28T14:55:35+00:00","twitter_card":"summary_large_image","twitter_misc":{"Gesch\u00e4tzte Lesezeit":"1\u00a0Minute"},"schema":{"@context":"https:\/\/schema.org","@graph":[{"@type":"WebPage","@id":"http:\/\/annielux.de\/?page_id=3974","url":"http:\/\/annielux.de\/?page_id=3974","name":"Neues - Annie Lux","isPartOf":{"@id":"http:\/\/annielux.de\/#website"},"datePublished":"2015-05-07T10:12:58+00:00","dateModified":"2024-04-28T14:55:35+00:00","breadcrumb":{"@id":"http:\/\/annielux.de\/?page_id=3974#breadcrumb"},"inLanguage":"de","potentialAction":[{"@type":"ReadAction","target":["http:\/\/annielux.de\/?page_id=3974"]}]},{"@type":"BreadcrumbList","@id":"http:\/\/annielux.de\/?page_id=3974#breadcrumb","itemListElement":[{"@type":"ListItem","position":1,"name":"Startseite","item":"http:\/\/annielux.de\/"},{"@type":"ListItem","position":2,"name":"Neues"}]},{"@type":"WebSite","@id":"http:\/\/annielux.de\/#website","url":"http:\/\/annielux.de\/","name":"Annie Lux","description":"K\u00fcnstlerin","potentialAction":[{"@type":"SearchAction","target":{"@type":"EntryPoint","urlTemplate":"http:\/\/annielux.de\/?s={search_term_string}"},"query-input":"required name=search_term_string"}],"inLanguage":"de"}]}},"_links":{"self":[{"href":"http:\/\/annielux.de\/index.php?rest_route=\/wp\/v2\/pages\/3974"}],"collection":[{"href":"http:\/\/annielux.de\/index.php?rest_route=\/wp\/v2\/pages"}],"about":[{"href":"http:\/\/annielux.de\/index.php?rest_route=\/wp\/v2\/types\/page"}],"author":[{"embeddable":true,"href":"http:\/\/annielux.de\/index.php?rest_route=\/wp\/v2\/users\/1"}],"replies":[{"embeddable":true,"href":"http:\/\/annielux.de\/index.php?rest_route=%2Fwp%2Fv2%2Fcomments&post=3974"}],"version-history":[{"count":89,"href":"http:\/\/annielux.de\/index.php?rest_route=\/wp\/v2\/pages\/3974\/revisions"}],"predecessor-version":[{"id":4864,"href":"http:\/\/annielux.de\/index.php?rest_route=\/wp\/v2\/pages\/3974\/revisions\/4864"}],"wp:attachment":[{"href":"http:\/\/annielux.de\/index.php?rest_route=%2Fwp%2Fv2%2Fmedia&parent=3974"}],"curies":[{"name":"wp","href":"https:\/\/api.w.org\/{rel}","templated":true}]}}