{"id":3992,"date":"2013-08-01T12:42:40","date_gmt":"2013-08-01T12:42:40","guid":{"rendered":"http:\/\/annielux.de\/?page_id=3992"},"modified":"2016-12-06T18:28:49","modified_gmt":"2016-12-06T18:28:49","slug":"leseecke","status":"publish","type":"page","link":"http:\/\/annielux.de\/?page_id=3992","title":{"rendered":"Leseecke"},"content":{"rendered":"<p>Hier k\u00f6nnen Sie einige meiner Geschichten und Gedichte lesen.<\/p>\n<p><a href=\"http:\/\/annielux.de\/wp-content\/uploads\/2013\/08\/06_Leseprobe_Das_Ding_mit_den_-Zipfeln.pdf\"><strong>Das Ding mit den Zipfeln &#8211; Tagebuch einer Verfolgung<\/strong><\/a><\/p>\n<p><a href=\"http:\/\/annielux.de\/wp-content\/uploads\/2013\/08\/06_Leseprobe_Das_Ding_mit_den_-Zipfeln.pdf\"><img loading=\"lazy\" decoding=\"async\" class=\"alignnone size-full wp-image-4127\" src=\"http:\/\/annielux.de\/wp-content\/uploads\/2013\/08\/Zipfeln.jpg\" alt=\"Das Ding mit den Zipfenl PDF\" width=\"400\" height=\"225\" srcset=\"http:\/\/annielux.de\/wp-content\/uploads\/2013\/08\/Zipfeln.jpg 600w, http:\/\/annielux.de\/wp-content\/uploads\/2013\/08\/Zipfeln-300x169.jpg 300w\" sizes=\"(max-width: 400px) 100vw, 400px\" \/><\/a><\/p>\n<p>Anke Sommer findet ein Ding in ihrer K\u00fcche, das nicht wieder gehen will. Vieles versucht sie, um es loszuwerden, doch das Ding bleibt stur. Die Nachbarn tuscheln, ihre Freunde meiden sie. Als Anke Sommer eines Morgens auf Arbeit im B\u00fcro einen Schrei h\u00f6rt, beginnen sich die Dinge zu \u00fcberschlagen.<\/p>\n<p><a href=\"http:\/\/annielux.de\/wp-content\/uploads\/2013\/08\/04_Auszug_aus_Blutwurst_im_Keller.pdf\"><strong>Blutwurst im Keller<\/strong><\/a><\/p>\n<p><a href=\"http:\/\/annielux.de\/wp-content\/uploads\/2013\/08\/04_Auszug_aus_Blutwurst_im_Keller.pdf\"><img loading=\"lazy\" decoding=\"async\" class=\"alignnone size-full wp-image-4128\" src=\"http:\/\/annielux.de\/wp-content\/uploads\/2013\/08\/Blutwurst.jpg\" alt=\"Blutwurst im Keller PDF\" width=\"400\" height=\"225\" srcset=\"http:\/\/annielux.de\/wp-content\/uploads\/2013\/08\/Blutwurst.jpg 600w, http:\/\/annielux.de\/wp-content\/uploads\/2013\/08\/Blutwurst-300x169.jpg 300w\" sizes=\"(max-width: 400px) 100vw, 400px\" \/><\/a><\/p>\n<p>Christian von Seidenspinner braucht neues Blut, um sein Blutwurstmonopol zu behaupten. Unter dem Vorwand, einen Vampirfilm zu drehen, lockt er nichtsahnende Laiendarsteller in die Leipziger Moritzbastei. Eine Verfolgungsjagd beginnt.<\/p>\n<div class=\"clear\"><\/div><div class=\"gdl-divider gdl-border-x top\"><div class=\"scroll-top\">SCROLL_TEXT<\/div><\/div>\n<p><strong>Kindergeschichten<\/strong><\/p>\n<p><a href=\"http:\/\/annielux.de\/wp-content\/uploads\/2013\/08\/03_Auszug_H\u00fchnerg\u00f6tter.pdf\"><strong>Warum H\u00fchnerg\u00f6tter &#8218;H\u00fchnerg\u00f6tter&#8216; hei\u00dfen<\/strong><\/a><\/p>\n<p><a href=\"http:\/\/annielux.de\/wp-content\/uploads\/2013\/08\/03_Auszug_H\u00fchnerg\u00f6tter.pdf\"><img loading=\"lazy\" decoding=\"async\" class=\"alignnone size-full wp-image-4129\" src=\"http:\/\/annielux.de\/wp-content\/uploads\/2013\/08\/Huehnergoetter.jpg\" alt=\"Warum H\u00fchnerg\u00f6tter 'H\u00fchnerg\u00f6tter' hei\u00dfen PDF\" width=\"400\" height=\"225\" srcset=\"http:\/\/annielux.de\/wp-content\/uploads\/2013\/08\/Huehnergoetter.jpg 600w, http:\/\/annielux.de\/wp-content\/uploads\/2013\/08\/Huehnergoetter-300x169.jpg 300w\" sizes=\"(max-width: 400px) 100vw, 400px\" \/><\/a><\/p>\n<p>Bevor sich Menschen an der Ostsee niederlie\u00dfen, lebten dort H\u00fchner in gro\u00dfen Mengen. Unter ihnen herrschte stets Streit und Missgunst. Ein falsches Wort, ein falscher Blick oder auch nur ein versehentlich f\u00fcr einen falschen Blick gehaltener richtiger Blick reichte, um die Stimmung unter den H\u00fchnern zum Kochen zu bringen. Susannes Opa erkl\u00e4rt seiner ungl\u00e4ubigen Enkelin, wie die H\u00fchner zu ihren G\u00f6ttern kamen.<\/p>\n<div class=\"clear\"><\/div><div class=\"gdl-divider gdl-border-x top\"><div class=\"scroll-top\">SCROLL_TEXT<\/div><\/div>\n<p><strong>Mystische Poesie<\/strong><\/p>\n<p><a title=\"D\u00e4mmerung\" href=\"http:\/\/annielux.de\/wp-content\/uploads\/2014\/01\/D%C3%A4mmerung.pdf\"><strong>D\u00e4mmerung<\/strong><\/a> &#8211; eine surreale Skizze<\/p>\n<p><strong><a href=\"http:\/\/annielux.de\/wp-content\/uploads\/2014\/01\/Love-poem.pdf\">Love Poem<\/a><\/strong><\/p>\n<p><a href=\"http:\/\/annielux.de\/wp-content\/uploads\/2016\/12\/23-Im-Zwischenraum.pdf\"><strong>Im Zwischenreich<\/strong><\/a><\/p>\n","protected":false},"excerpt":{"rendered":"<p>Hier k\u00f6nnen Sie einige meiner Geschichten und Gedichte lesen. Das Ding mit den Zipfeln &#8211; Tagebuch einer Verfolgung Anke Sommer findet ein Ding in ihrer K\u00fcche, das nicht wieder gehen will. Vieles versucht sie, um es loszuwerden, doch das Ding bleibt stur. Die Nachbarn tuscheln, ihre Freunde meiden sie. Als Anke Sommer eines Morgens auf Arbeit im B\u00fcro einen Schrei h\u00f6rt, beginnen sich die Dinge zu \u00fcberschlagen. Blutwurst im Keller Christian von Seidenspinner braucht neues Blut, um sein Blutwurstmonopol zu behaupten. Unter dem Vorwand, einen Vampirfilm zu drehen, lockt er nichtsahnende Laiendarsteller in die Leipziger Moritzbastei. Eine Verfolgungsjagd beginnt. Kindergeschichten Warum H\u00fchnerg\u00f6tter &#8218;H\u00fchnerg\u00f6tter&#8216; hei\u00dfen Bevor sich Menschen an der Ostsee niederlie\u00dfen, lebten dort H\u00fchner in gro\u00dfen Mengen. Unter ihnen herrschte stets Streit und Missgunst. Ein falsches Wort, ein falscher Blick oder auch nur ein versehentlich f\u00fcr einen falschen Blick gehaltener richtiger Blick reichte, um die Stimmung unter den H\u00fchnern zum Kochen zu bringen. Susannes Opa erkl\u00e4rt seiner ungl\u00e4ubigen Enkelin, wie die H\u00fchner zu ihren G\u00f6ttern kamen. Mystische Poesie D\u00e4mmerung &#8211; eine surreale Skizze Love Poem Im Zwischenreich<\/p>\n","protected":false},"author":1,"featured_media":0,"parent":0,"menu_order":0,"comment_status":"open","ping_status":"open","template":"","meta":{"footnotes":""},"yoast_head":"<!-- This site is optimized with the Yoast SEO plugin v22.5 - https:\/\/yoast.com\/wordpress\/plugins\/seo\/ -->\n<title>Leseecke - Annie Lux<\/title>\n<meta name=\"robots\" content=\"index, follow, max-snippet:-1, max-image-preview:large, max-video-preview:-1\" \/>\n<link rel=\"canonical\" href=\"http:\/\/annielux.de\/?page_id=3992\" \/>\n<meta property=\"og:locale\" content=\"de_DE\" \/>\n<meta property=\"og:type\" content=\"article\" \/>\n<meta property=\"og:title\" content=\"Leseecke - Annie Lux\" \/>\n<meta property=\"og:description\" content=\"Hier k\u00f6nnen Sie einige meiner Geschichten und Gedichte lesen. Das Ding mit den Zipfeln &#8211; Tagebuch einer Verfolgung Anke Sommer findet ein Ding in ihrer K\u00fcche, das nicht wieder gehen will. Vieles versucht sie, um es loszuwerden, doch das Ding bleibt stur. Die Nachbarn tuscheln, ihre Freunde meiden sie. Als Anke Sommer eines Morgens auf Arbeit im B\u00fcro einen Schrei h\u00f6rt, beginnen sich die Dinge zu \u00fcberschlagen. Blutwurst im Keller Christian von Seidenspinner braucht neues Blut, um sein Blutwurstmonopol zu behaupten. Unter dem Vorwand, einen Vampirfilm zu drehen, lockt er nichtsahnende Laiendarsteller in die Leipziger Moritzbastei. Eine Verfolgungsjagd beginnt. Kindergeschichten Warum H\u00fchnerg\u00f6tter &#8218;H\u00fchnerg\u00f6tter&#8216; hei\u00dfen Bevor sich Menschen an der Ostsee niederlie\u00dfen, lebten dort H\u00fchner in gro\u00dfen Mengen. Unter ihnen herrschte stets Streit und Missgunst. Ein falsches Wort, ein falscher Blick oder auch nur ein versehentlich f\u00fcr einen falschen Blick gehaltener richtiger Blick reichte, um die Stimmung unter den H\u00fchnern zum Kochen zu bringen. Susannes Opa erkl\u00e4rt seiner ungl\u00e4ubigen Enkelin, wie die H\u00fchner zu ihren G\u00f6ttern kamen. Mystische Poesie D\u00e4mmerung &#8211; eine surreale Skizze Love Poem Im Zwischenreich\" \/>\n<meta property=\"og:url\" content=\"http:\/\/annielux.de\/?page_id=3992\" \/>\n<meta property=\"og:site_name\" content=\"Annie Lux\" \/>\n<meta property=\"article:modified_time\" content=\"2016-12-06T18:28:49+00:00\" \/>\n<meta property=\"og:image\" content=\"http:\/\/annielux.de\/wp-content\/uploads\/2013\/08\/Zipfeln.jpg\" \/>\n<meta name=\"twitter:card\" content=\"summary_large_image\" \/>\n<meta name=\"twitter:label1\" content=\"Gesch\u00e4tzte Lesezeit\" \/>\n\t<meta name=\"twitter:data1\" content=\"1\u00a0Minute\" \/>\n<script type=\"application\/ld+json\" class=\"yoast-schema-graph\">{\"@context\":\"https:\/\/schema.org\",\"@graph\":[{\"@type\":\"WebPage\",\"@id\":\"http:\/\/annielux.de\/?page_id=3992\",\"url\":\"http:\/\/annielux.de\/?page_id=3992\",\"name\":\"Leseecke - Annie Lux\",\"isPartOf\":{\"@id\":\"http:\/\/annielux.de\/#website\"},\"primaryImageOfPage\":{\"@id\":\"http:\/\/annielux.de\/?page_id=3992#primaryimage\"},\"image\":{\"@id\":\"http:\/\/annielux.de\/?page_id=3992#primaryimage\"},\"thumbnailUrl\":\"http:\/\/annielux.de\/wp-content\/uploads\/2013\/08\/Zipfeln.jpg\",\"datePublished\":\"2013-08-01T12:42:40+00:00\",\"dateModified\":\"2016-12-06T18:28:49+00:00\",\"breadcrumb\":{\"@id\":\"http:\/\/annielux.de\/?page_id=3992#breadcrumb\"},\"inLanguage\":\"de\",\"potentialAction\":[{\"@type\":\"ReadAction\",\"target\":[\"http:\/\/annielux.de\/?page_id=3992\"]}]},{\"@type\":\"ImageObject\",\"inLanguage\":\"de\",\"@id\":\"http:\/\/annielux.de\/?page_id=3992#primaryimage\",\"url\":\"http:\/\/annielux.de\/wp-content\/uploads\/2013\/08\/Zipfeln.jpg\",\"contentUrl\":\"http:\/\/annielux.de\/wp-content\/uploads\/2013\/08\/Zipfeln.jpg\",\"width\":600,\"height\":338},{\"@type\":\"BreadcrumbList\",\"@id\":\"http:\/\/annielux.de\/?page_id=3992#breadcrumb\",\"itemListElement\":[{\"@type\":\"ListItem\",\"position\":1,\"name\":\"Startseite\",\"item\":\"http:\/\/annielux.de\/\"},{\"@type\":\"ListItem\",\"position\":2,\"name\":\"Leseecke\"}]},{\"@type\":\"WebSite\",\"@id\":\"http:\/\/annielux.de\/#website\",\"url\":\"http:\/\/annielux.de\/\",\"name\":\"Annie Lux\",\"description\":\"K\u00fcnstlerin\",\"potentialAction\":[{\"@type\":\"SearchAction\",\"target\":{\"@type\":\"EntryPoint\",\"urlTemplate\":\"http:\/\/annielux.de\/?s={search_term_string}\"},\"query-input\":\"required name=search_term_string\"}],\"inLanguage\":\"de\"}]}<\/script>\n<!-- \/ Yoast SEO plugin. -->","yoast_head_json":{"title":"Leseecke - Annie Lux","robots":{"index":"index","follow":"follow","max-snippet":"max-snippet:-1","max-image-preview":"max-image-preview:large","max-video-preview":"max-video-preview:-1"},"canonical":"http:\/\/annielux.de\/?page_id=3992","og_locale":"de_DE","og_type":"article","og_title":"Leseecke - Annie Lux","og_description":"Hier k\u00f6nnen Sie einige meiner Geschichten und Gedichte lesen. Das Ding mit den Zipfeln &#8211; Tagebuch einer Verfolgung Anke Sommer findet ein Ding in ihrer K\u00fcche, das nicht wieder gehen will. Vieles versucht sie, um es loszuwerden, doch das Ding bleibt stur. Die Nachbarn tuscheln, ihre Freunde meiden sie. Als Anke Sommer eines Morgens auf Arbeit im B\u00fcro einen Schrei h\u00f6rt, beginnen sich die Dinge zu \u00fcberschlagen. Blutwurst im Keller Christian von Seidenspinner braucht neues Blut, um sein Blutwurstmonopol zu behaupten. Unter dem Vorwand, einen Vampirfilm zu drehen, lockt er nichtsahnende Laiendarsteller in die Leipziger Moritzbastei. Eine Verfolgungsjagd beginnt. Kindergeschichten Warum H\u00fchnerg\u00f6tter &#8218;H\u00fchnerg\u00f6tter&#8216; hei\u00dfen Bevor sich Menschen an der Ostsee niederlie\u00dfen, lebten dort H\u00fchner in gro\u00dfen Mengen. Unter ihnen herrschte stets Streit und Missgunst. Ein falsches Wort, ein falscher Blick oder auch nur ein versehentlich f\u00fcr einen falschen Blick gehaltener richtiger Blick reichte, um die Stimmung unter den H\u00fchnern zum Kochen zu bringen. Susannes Opa erkl\u00e4rt seiner ungl\u00e4ubigen Enkelin, wie die H\u00fchner zu ihren G\u00f6ttern kamen. Mystische Poesie D\u00e4mmerung &#8211; eine surreale Skizze Love Poem Im Zwischenreich","og_url":"http:\/\/annielux.de\/?page_id=3992","og_site_name":"Annie Lux","article_modified_time":"2016-12-06T18:28:49+00:00","og_image":[{"url":"http:\/\/annielux.de\/wp-content\/uploads\/2013\/08\/Zipfeln.jpg"}],"twitter_card":"summary_large_image","twitter_misc":{"Gesch\u00e4tzte Lesezeit":"1\u00a0Minute"},"schema":{"@context":"https:\/\/schema.org","@graph":[{"@type":"WebPage","@id":"http:\/\/annielux.de\/?page_id=3992","url":"http:\/\/annielux.de\/?page_id=3992","name":"Leseecke - Annie Lux","isPartOf":{"@id":"http:\/\/annielux.de\/#website"},"primaryImageOfPage":{"@id":"http:\/\/annielux.de\/?page_id=3992#primaryimage"},"image":{"@id":"http:\/\/annielux.de\/?page_id=3992#primaryimage"},"thumbnailUrl":"http:\/\/annielux.de\/wp-content\/uploads\/2013\/08\/Zipfeln.jpg","datePublished":"2013-08-01T12:42:40+00:00","dateModified":"2016-12-06T18:28:49+00:00","breadcrumb":{"@id":"http:\/\/annielux.de\/?page_id=3992#breadcrumb"},"inLanguage":"de","potentialAction":[{"@type":"ReadAction","target":["http:\/\/annielux.de\/?page_id=3992"]}]},{"@type":"ImageObject","inLanguage":"de","@id":"http:\/\/annielux.de\/?page_id=3992#primaryimage","url":"http:\/\/annielux.de\/wp-content\/uploads\/2013\/08\/Zipfeln.jpg","contentUrl":"http:\/\/annielux.de\/wp-content\/uploads\/2013\/08\/Zipfeln.jpg","width":600,"height":338},{"@type":"BreadcrumbList","@id":"http:\/\/annielux.de\/?page_id=3992#breadcrumb","itemListElement":[{"@type":"ListItem","position":1,"name":"Startseite","item":"http:\/\/annielux.de\/"},{"@type":"ListItem","position":2,"name":"Leseecke"}]},{"@type":"WebSite","@id":"http:\/\/annielux.de\/#website","url":"http:\/\/annielux.de\/","name":"Annie Lux","description":"K\u00fcnstlerin","potentialAction":[{"@type":"SearchAction","target":{"@type":"EntryPoint","urlTemplate":"http:\/\/annielux.de\/?s={search_term_string}"},"query-input":"required name=search_term_string"}],"inLanguage":"de"}]}},"_links":{"self":[{"href":"http:\/\/annielux.de\/index.php?rest_route=\/wp\/v2\/pages\/3992"}],"collection":[{"href":"http:\/\/annielux.de\/index.php?rest_route=\/wp\/v2\/pages"}],"about":[{"href":"http:\/\/annielux.de\/index.php?rest_route=\/wp\/v2\/types\/page"}],"author":[{"embeddable":true,"href":"http:\/\/annielux.de\/index.php?rest_route=\/wp\/v2\/users\/1"}],"replies":[{"embeddable":true,"href":"http:\/\/annielux.de\/index.php?rest_route=%2Fwp%2Fv2%2Fcomments&post=3992"}],"version-history":[{"count":32,"href":"http:\/\/annielux.de\/index.php?rest_route=\/wp\/v2\/pages\/3992\/revisions"}],"predecessor-version":[{"id":4648,"href":"http:\/\/annielux.de\/index.php?rest_route=\/wp\/v2\/pages\/3992\/revisions\/4648"}],"wp:attachment":[{"href":"http:\/\/annielux.de\/index.php?rest_route=%2Fwp%2Fv2%2Fmedia&parent=3992"}],"curies":[{"name":"wp","href":"https:\/\/api.w.org\/{rel}","templated":true}]}}